{"id":3,"date":"2025-05-27T19:49:16","date_gmt":"2025-05-27T19:49:16","guid":{"rendered":"https:\/\/meugestors.com\/?page_id=3"},"modified":"2025-05-30T16:15:12","modified_gmt":"2025-05-30T15:15:12","slug":"privacy-policy","status":"publish","type":"page","link":"https:\/\/www.meugestors.com\/pt\/privacy-policy\/","title":{"rendered":"Pol\u00edtica de Privacidade"},"content":{"rendered":"<p><strong>Meu Gestors<\/strong> A Meu Gestors est\u00e1 comprometida em proteger a confidencialidade e a privacidade das informa\u00e7\u00f5es que lhe s\u00e3o confiadas. Como parte dessa obriga\u00e7\u00e3o fundamental, a MEU GESTORS compromete-se com a prote\u00e7\u00e3o e o uso apropriado das informa\u00e7\u00f5es pessoais (\u00e0s vezes chamadas de \u201cdados pessoais\u201d, \u201cinforma\u00e7\u00f5es de identifica\u00e7\u00e3o pessoal\u201d ou \u201cPII\u201d) que foram coletadas online.<\/p>\n\n\n\n<p>De modo geral, nossa inten\u00e7\u00e3o \u00e9 coletar apenas as informa\u00e7\u00f5es pessoais fornecidas voluntariamente pelos visitantes online, a fim de que possamos oferecer informa\u00e7\u00f5es e\/ou servi\u00e7os a esses indiv\u00edduos ou fornecer informa\u00e7\u00f5es sobre oportunidades de emprego. Por favor, revise esta Declara\u00e7\u00e3o de Privacidade (\u201cDeclara\u00e7\u00e3o de Privacidade\u201d) para saber mais sobre como coletamos, usamos, compartilhamos e protegemos as informa\u00e7\u00f5es pessoais que obtivemos.<strong>Privacy<\/strong>\u00a0<strong>Statement<\/strong>\u201d) to learn more about how we collect, use, share and protect the personal information that we have obtained.<\/p>\n\n\n\n<p><strong>Coleta e uso de informa\u00e7\u00f5es pessoais<\/strong><\/p>\n\n\n\n<p><strong>1.1 Quais informa\u00e7\u00f5es coletamos<\/strong><\/p>\n\n\n\n<p>Obtemos informa\u00e7\u00f5es pessoais sobre voc\u00ea se voc\u00ea optar por fornec\u00ea-las \u2013 por exemplo, suas informa\u00e7\u00f5es de contato caso use um formul\u00e1rio para se comunicar ou se registre para certos servi\u00e7os. Em alguns casos, voc\u00ea pode j\u00e1 ter fornecido anteriormente suas informa\u00e7\u00f5es pessoais \u00e0 MEU GESTORS (por exemplo, se for um ex-funcion\u00e1rio).&nbsp;<\/p>\n\n\n\n<p>Se optar por se registrar ou fazer login em um site da MEU GESTORS usando um servi\u00e7o de login \u00fanico de terceiros que autentique sua identidade e conecte suas informa\u00e7\u00f5es de login de m\u00eddia social (por exemplo, Google, LinkedIn ou Facebook), coletaremos qualquer informa\u00e7\u00e3o ou conte\u00fado necess\u00e1rio para o registro ou login, desde que voc\u00ea tenha autorizado o provedor de m\u00eddia social a compartilh\u00e1-los conosco, como seu nome e endere\u00e7o de e-mail. Outras informa\u00e7\u00f5es coletadas depender\u00e3o das configura\u00e7\u00f5es de privacidade do provedor de m\u00eddia social. Portanto, consulte a pol\u00edtica de privacidade do servi\u00e7o em quest\u00e3o.<\/p>\n\n\n\n<p><strong>1.2 Coleta autom\u00e1tica de informa\u00e7\u00f5es pessoais<\/strong><\/p>\n\n\n\n<p>Em alguns casos, a MEU GESTORS e seus prestadores de servi\u00e7o usam cookies, web beacons e outras tecnologias para coletar automaticamente certos tipos de informa\u00e7\u00f5es quando voc\u00ea nos visita online, bem como por meio de e-mails que possamos trocar com voc\u00ea. A coleta dessas informa\u00e7\u00f5es permite personalizar sua experi\u00eancia online, melhorar o desempenho, a usabilidade e a efic\u00e1cia da presen\u00e7a digital da MEU GESTORS, bem como medir a efic\u00e1cia de nossas atividades de marketing.<\/p>\n\n\n\n<p><strong>1.2.1 Endere\u00e7os IP<\/strong><\/p>\n\n\n\n<p>Um endere\u00e7o IP \u00e9 um n\u00famero atribu\u00eddo ao seu computador sempre que voc\u00ea acessa a internet. Ele permite que os computadores e servidores se reconhe\u00e7am e se comuniquem entre si. Endere\u00e7os IP de onde os visitantes aparentam se originar ser\u00e3o registrados para fins de seguran\u00e7a de TI e diagn\u00f3stico do sistema. Essas informa\u00e7\u00f5es tamb\u00e9m poder\u00e3o ser usadas de forma agregada para an\u00e1lise de tend\u00eancias e desempenho do site.<\/p>\n\n\n\n<p><strong>1.2.2 Cookies<\/strong><\/p>\n\n\n\n<p>Cookies normalmente s\u00e3o colocados em seu computador ou dispositivo habilitado para internet sempre que voc\u00ea nos visita online. Isso permite que o site reconhe\u00e7a seu computador ou dispositivo e tenha diversos prop\u00f3sitos.<\/p>\n\n\n\n<p>Em alguns de nossos sites, um banner de notifica\u00e7\u00e3o aparecer\u00e1 permitindo que voc\u00ea gerencie seu consentimento para coleta de cookies. Abaixo, um resumo das categorias de cookies utilizados e como seu consentimento pode afetar sua experi\u00eancia ao navegar nesses sites:<\/p>\n\n\n\n<ul class=\"wp-block-list\">\n<li><strong>Cookies estritamente necess\u00e1rios<\/strong>s\u00e3o essenciais para permitir que o usu\u00e1rio navegue no site e utilize seus recursos, como acessar \u00e1reas seguras. Esses cookies devem estar ativados, ou o site n\u00e3o funcionar\u00e1. Eles n\u00e3o podem ser bloqueados.<\/li>\n\n\n\n<li><strong>Cookies de desempenho<\/strong>usados para coletar dados e melhorar o desempenho do site. Voc\u00ea pode gerenciar seu consentimento usando o banner de cookies ou ajustando as configura\u00e7\u00f5es do seu navegador.<\/li>\n\n\n\n<li><strong>Cookies de funcionalidade<\/strong>usados para lembrar prefer\u00eancias e personalizar a apar\u00eancia e o comportamento do site. Voc\u00ea pode optar por n\u00e3o utiliz\u00e1-los, mas isso afetar\u00e1 sua experi\u00eancia no site.<\/li>\n\n\n\n<li><strong>Cookies de segmenta\u00e7\u00e3o ou publicidade\u00a0<\/strong>usados para fornecer conte\u00fado relevante aos seus interesses. Tamb\u00e9m ajudam a limitar a exibi\u00e7\u00e3o repetitiva de determinados materiais de marketing. Caso voc\u00ea n\u00e3o consinta com esses cookies, seu dispositivo n\u00e3o ser\u00e1 rastreado para fins de marketing.<\/li>\n<\/ul>\n\n\n\n<p>Voc\u00ea pode gerenciar seu consentimento para esses cookies por meio do banner ou nas configura\u00e7\u00f5es do navegador.<\/p>\n\n\n\n<p>-<\/p>\n\n\n\n<p><strong>1.2.3&nbsp; &nbsp; &nbsp; &nbsp;Google Analytics<\/strong><\/p>\n\n\n\n<p>A MEU GESTORS utiliza o Google Analytics. Mais informa\u00e7\u00f5es sobre como ele \u00e9 utilizado podem ser encontradas aqui: http:\/\/www.google.com\/analytics\/learn\/privacy.html&nbsp;<a href=\"http:\/\/www.google.com\/analytics\/learn\/privacy.html\">http:\/\/www.google.com\/analytics\/learn\/privacy.html<\/a><\/p>\n\n\n\n<p>Voc\u00ea pode optar por n\u00e3o ter seus dados coletados pelo Google Analytics usando o Complemento de Navegador para Desativa\u00e7\u00e3o do Google Analytics, que impede o envio de informa\u00e7\u00f5es de visita ao Google.&nbsp;<a href=\"https:\/\/tools.google.com\/dlpage\/gaoptout\">Google Analytics Opt-out Browser Add-on<\/a>. The add-on communicates with the Google Analytics JavaScript (ga.js) to indicate that information about the website visit should not be sent to Google Analytics. The Google Analytics Opt-out Browser Add-on does not prevent information from being sent to the website itself or to other web analytics services.<\/p>\n\n\n\n<p><strong>1.3 Widgets e aplicativos de m\u00eddias sociais<\/strong><\/p>\n\n\n\n<p>Os sites da MEU GESTORS normalmente incluem funcionalidades para compartilhamento por meio de aplicativos de m\u00eddias sociais de terceiros, como o bot\u00e3o Curtir do Facebook ou widgets do X (Twitter). Esses aplicativos coletam e utilizam informa\u00e7\u00f5es sobre seu uso dos sites da MEU GESTORS\nQualquer informa\u00e7\u00e3o pessoal fornecida por meio dessas aplica\u00e7\u00f5es pode ser coletada e usada por outros membros da rede social, conforme suas pol\u00edticas de privacidade. N\u00e3o temos controle sobre essas empresas ou sobre o uso que fazem das suas informa\u00e7\u00f5es.<\/p>\n\n\n\n<p>Os sites da MEU GESTORS tamb\u00e9m podem hospedar blogs, f\u00f3runs e outras funcionalidades sociais para facilitar o compartilhamento de conte\u00fado e conhecimento. Informa\u00e7\u00f5es pessoais fornecidas nesses espa\u00e7os geralmente ser\u00e3o compartilhadas com outros usu\u00e1rios, sobre os quais n\u00e3o temos controle.<\/p>\n\n\n\n<p><strong><br>2. Como usamos suas informa\u00e7\u00f5es pessoais<\/strong><\/p>\n\n\n\n<p>Quando voc\u00ea se registra ou envia informa\u00e7\u00f5es pessoais para a MEU GESTORS, essas informa\u00e7\u00f5es ser\u00e3o utilizadas apenas para os fins descritos nesta Declara\u00e7\u00e3o de Privacidade. Suas informa\u00e7\u00f5es n\u00e3o ser\u00e3o usadas para outros fins sem seu consentimento, salvo se exigido por lei.<\/p>\n\n\n\n<p>Por exemplo, se voc\u00ea se registrar e indicar suas prefer\u00eancias, personalizaremos sua experi\u00eancia. Se voc\u00ea se candidatar a uma vaga enviando seu curr\u00edculo, usaremos as informa\u00e7\u00f5es para identificar oportunidades compat\u00edveis.<\/p>\n\n\n\n<p><strong>3. Base legal para o uso de suas informa\u00e7\u00f5es pessoais<\/strong><\/p>\n\n\n\n<p>Coletamos apenas o necess\u00e1rio para atender sua solicita\u00e7\u00e3o. Onde informa\u00e7\u00f5es adicionais forem solicitadas, isso ser\u00e1 informado no momento da coleta.<\/p>\n\n\n\n<p>De acordo com a legisla\u00e7\u00e3o europeia, s\u00f3 podemos processar dados pessoais se tivermos base legal para isso:&nbsp;<\/p>\n\n\n\n<ul class=\"wp-block-list\">\n<li><strong>Performance of a contract<\/strong>: this is when the processing of your personal information is necessary in order to perform our obligations under a contract;<\/li>\n\n\n\n<li><strong>Legal obligation<\/strong>: this is when we are required to process your personal information in order to comply with a legal obligation, such as keeping records for tax purposes or providing information to a public body or law enforcement agency;<\/li>\n\n\n\n<li><strong>Legitimate interests<\/strong>: we will process information about you where it is in our legitimate interest in running a lawful business to do so in order to further that business, so long as it doesn\u2019t outweigh your interests; or<\/li>\n\n\n\n<li><strong>Your consent<\/strong>: in some cases, we will ask you for specific permission to process some of your personal information, and we will only process your personal information in this way if you agree to us doing so.\u00a0You may withdraw your consent at any time by contacting MEU GESTORS at privacy@Meu Gestors.com<\/li>\n<\/ul>\n\n\n\n<p>Examples of the \u2018legitimate interests\u2019 referred to above are:<\/p>\n\n\n\n<ul class=\"wp-block-list\">\n<li>To offer information and\/or services to individuals who visit our website or offer information about employment opportunities.<\/li>\n\n\n\n<li>To prevent fraud or criminal activity and to safeguard our IT systems.<\/li>\n\n\n\n<li>To customize individuals\u2019 online experience and improve the performance usability and effectiveness of MEU GESTORS\u2019s online presence.<\/li>\n\n\n\n<li>To conduct, and to analyze, our marketing activities.<\/li>\n\n\n\n<li>To meet our corporate and social responsibility obligations.<\/li>\n\n\n\n<li>To exercise our fundamental rights in the EU under Articles 16 and 17 of the Charter of Fundamental Rights, including our freedom to conduct a business and right to property.<\/li>\n<\/ul>\n\n\n\n<p>In some cases, the personal data that we collect will also include special categories of data, such as diversity related information (including data about racial and ethnic origin, political opinions, religious beliefs and other beliefs of a similar nature, trade union membership and data about sexual life and sexual orientation), or health data and data about alleged or proven criminal offenses in each case where permitted by law.<\/p>\n\n\n\n<p><strong>4. Compartilhamento e transfer\u00eancia de informa\u00e7\u00f5es pessoais<\/strong><\/p>\n\n\n\n<p><strong>4.1 Transfer\u00eancia dentro da organiza\u00e7\u00e3o global<\/strong><\/p>\n\n\n\n<p>Compartilhamos suas informa\u00e7\u00f5es com outras empresas da rede global da MEU GESTORS quando necess\u00e1rio para atender obriga\u00e7\u00f5es legais, operacionais ou regulat\u00f3rias. Tamb\u00e9m utilizamos outras entidades da rede para suporte t\u00e9cnico, verifica\u00e7\u00e3o de conflitos, seguros, entre outros servi\u00e7os.<\/p>\n\n\n\n<p><strong>4.2 Transfer\u00eancia para terceiros<\/strong><\/p>\n\n\n\n<p>N\u00e3o compartilhamos informa\u00e7\u00f5es com terceiros, exceto quando necess\u00e1rio para atender suas solicita\u00e7\u00f5es, obriga\u00e7\u00f5es legais ou operacionais. Podemos transferir dados fora do EEE (Espa\u00e7o Econ\u00f4mico Europeu), e protegemos essas transfer\u00eancias com contratos baseados em cl\u00e1usulas padr\u00e3o de prote\u00e7\u00e3o de dados aprovadas pela Comiss\u00e3o Europeia&nbsp;<a href=\"https:\/\/kpmg.com\/xx\/en\/home\/about\/offices.html\">following countries<\/a>, but data may be processed anywhere in the world. If we do this your personal information will continue to be protected by means of contracts we have in place with those organizations, including those outside the EEA, containing standard data protection clauses which are in a form approved by the European Commission.<\/p>\n\n\n\n<p>Nunca compartilharemos suas informa\u00e7\u00f5es com terceiros para marketing direto.<\/p>\n\n\n\n<p><strong>5. Suas escolhas<\/strong><\/p>\n\n\n\n<p>Voc\u00ea n\u00e3o \u00e9 obrigado a fornecer informa\u00e7\u00f5es pessoais, mas algumas funcionalidades e servi\u00e7os s\u00f3 estar\u00e3o dispon\u00edveis mediante esse fornecimento. Sempre solicitaremos seu consentimento para usos espec\u00edficos, e voc\u00ea pode retir\u00e1-lo a qualquer momento.<\/p>\n\n\n\n<p>Como explicado em \u201cCookies\u201d, voc\u00ea pode configurar seu navegador para rejeitar cookies, mas isso pode afetar a funcionalidade dos sites.<\/p>\n\n\n\n<p><strong>Seus direitos<\/strong><\/p>\n\n\n\n<p>Se processarmos suas informa\u00e7\u00f5es, voc\u00ea tem os seguintes direitos:<\/p>\n\n\n\n<p><strong>Access and correction<\/strong>: you have the right to access to that data. This is sometimes called a \u2018Subject Access Request\u2019. If we agree that we are obliged to provide personal information to you, we will provide it to you free of charge. Before providing personal information to you, we may ask for proof of identity and sufficient information about your interactions with us so that we can locate your personal information. If the information we hold about you is incorrect, you are entitled to ask us to correct any inaccuracies in the personal information.<\/p>\n\n\n\n<p><strong>Object to processing<\/strong>: you have the right to object to us processing your personal information if we are not entitled to use it anymore.<\/p>\n\n\n\n<p><strong>Other Rights<\/strong>: in addition, you may have rights to have your information deleted if we are keeping it too long, have its processing restricted in certain circumstances and\/or to obtain copies of information we hold about you in electronic form.<\/p>\n\n\n\n<p>You can make a request or exercise these rights by contacting MEU GESTORS at&nbsp;<a href=\"mailto:info@meugestors.com\">info@meugestors.com<\/a>&nbsp;and we will make all reasonable and practical efforts to comply with your request, so long as it is consistent with applicable law and professional standards.<\/p>\n\n\n\n<p><strong>7. Seguran\u00e7a e integridade dos dados<\/strong><\/p>\n\n\n\n<p>A MEU GESTORS possui pol\u00edticas e medidas de seguran\u00e7a razo\u00e1veis para proteger as informa\u00e7\u00f5es pessoais. Contudo, nenhuma transmiss\u00e3o de dados \u00e9 100% segura. O acesso \u00e9 restrito a quem precisa saber, e as informa\u00e7\u00f5es s\u00e3o mantidas apenas pelo tempo necess\u00e1rio para cumprir obriga\u00e7\u00f5es legais, regulat\u00f3rias ou contratuais, e por no m\u00e1ximo 2 anos, salvo disposi\u00e7\u00e3o em contr\u00e1rio<\/p>\n\n\n\n<p>We also make reasonable efforts to retain personal information only for so long i) as the information is necessary to comply with an individual\u2019s request, ii) as necessary to comply with legal, regulatory, internal business or policy requirements, or iii) until that person asks that the information be deleted. The period for which data is retained will depend on the specific nature and circumstances under which the information was collected; however, subject to the requirements of i)\u2013iii) above, personal information will not be retained for more than 2 years.<br><strong><br>8. Links para outros sites<\/strong><\/p>\n\n\n\n<p>Nossos sites podem conter links para sites de outras empresas da MEU GESTORS, com pol\u00edticas de privacidade pr\u00f3prias. Recomendamos revisar cada pol\u00edtica antes de fornecer informa\u00e7\u00f5es pessoais.<\/p>\n\n\n\n<p>Ao navegar em outro site da MEU GESTORS enquanto ainda estiver logado, voc\u00ea concorda com a pol\u00edtica de privacidade desse novo site.<\/p>\n\n\n\n<p><strong>9. Revis\u00f5es da Declara\u00e7\u00e3o de Privacidade<\/strong><\/p>\n\n\n\n<p>Altera\u00e7\u00f5es nesta Declara\u00e7\u00e3o ser\u00e3o publicadas aqui com data de vig\u00eancia atualizada.&nbsp;<\/p>\n\n\n\n<p><strong>10. D\u00favidas e aplica\u00e7\u00e3o da pol\u00edtica<\/strong> A MEU GESTORS est\u00e1 comprometida com a prote\u00e7\u00e3o da sua privacidade online. Para d\u00favidas ou coment\u00e1rios, entre em contato pelo e-mail info@meugestors.com.&nbsp;<a href=\"mailto:info@meugestors.com\">info@meugestors.com<\/a>Se quiser, posso tamb\u00e9m converter esse texto em um documento PDF pronto para distribui\u00e7\u00e3o ou publica\u00e7\u00e3o online. Deseja isso?<\/p>","protected":false},"excerpt":{"rendered":"<p>Meu Gestors is dedicated to protecting the confidentiality and privacy of information entrusted to it. As part of this fundamental obligation, MEU GESTORS is committed to the appropriate protection and use of personal information (sometimes referred to as \u201cpersonal data\u201d, \u201cpersonally identifiable information\u201d or \u201cPII\u201d) that has been collected online. Generally, our intent is to [&hellip;]<\/p>\n","protected":false},"author":1,"featured_media":0,"parent":0,"menu_order":0,"comment_status":"closed","ping_status":"closed","template":"","meta":{"footnotes":""},"class_list":["post-3","page","type-page","status-publish","hentry"],"_links":{"self":[{"href":"https:\/\/www.meugestors.com\/pt\/wp-json\/wp\/v2\/pages\/3","targetHints":{"allow":["GET"]}}],"collection":[{"href":"https:\/\/www.meugestors.com\/pt\/wp-json\/wp\/v2\/pages"}],"about":[{"href":"https:\/\/www.meugestors.com\/pt\/wp-json\/wp\/v2\/types\/page"}],"author":[{"embeddable":true,"href":"https:\/\/www.meugestors.com\/pt\/wp-json\/wp\/v2\/users\/1"}],"replies":[{"embeddable":true,"href":"https:\/\/www.meugestors.com\/pt\/wp-json\/wp\/v2\/comments?post=3"}],"version-history":[{"count":5,"href":"https:\/\/www.meugestors.com\/pt\/wp-json\/wp\/v2\/pages\/3\/revisions"}],"predecessor-version":[{"id":7587,"href":"https:\/\/www.meugestors.com\/pt\/wp-json\/wp\/v2\/pages\/3\/revisions\/7587"}],"wp:attachment":[{"href":"https:\/\/www.meugestors.com\/pt\/wp-json\/wp\/v2\/media?parent=3"}],"curies":[{"name":"wp","href":"https:\/\/api.w.org\/{rel}","templated":true}]}}