{"id":7651,"date":"2025-05-30T18:18:04","date_gmt":"2025-05-30T17:18:04","guid":{"rendered":"https:\/\/meugestors.com\/?page_id=7651"},"modified":"2025-05-31T16:29:32","modified_gmt":"2025-05-31T15:29:32","slug":"digital-operations-cloud-transformations","status":"publish","type":"page","link":"https:\/\/www.meugestors.com\/pt\/services\/digital-operations-cloud-transformations\/","title":{"rendered":"Opera\u00e7\u00f5es Digitais, Transforma\u00e7\u00f5es Na Nuvem e Configura\u00e7\u00f5es de Software"},"content":{"rendered":"","protected":false},"excerpt":{"rendered":"","protected":false},"author":1,"featured_media":0,"parent":6505,"menu_order":0,"comment_status":"closed","ping_status":"closed","template":"","meta":{"footnotes":""},"class_list":["post-7651","page","type-page","status-publish","hentry"],"_links":{"self":[{"href":"https:\/\/www.meugestors.com\/pt\/wp-json\/wp\/v2\/pages\/7651","targetHints":{"allow":["GET"]}}],"collection":[{"href":"https:\/\/www.meugestors.com\/pt\/wp-json\/wp\/v2\/pages"}],"about":[{"href":"https:\/\/www.meugestors.com\/pt\/wp-json\/wp\/v2\/types\/page"}],"author":[{"embeddable":true,"href":"https:\/\/www.meugestors.com\/pt\/wp-json\/wp\/v2\/users\/1"}],"replies":[{"embeddable":true,"href":"https:\/\/www.meugestors.com\/pt\/wp-json\/wp\/v2\/comments?post=7651"}],"version-history":[{"count":5,"href":"https:\/\/www.meugestors.com\/pt\/wp-json\/wp\/v2\/pages\/7651\/revisions"}],"predecessor-version":[{"id":7818,"href":"https:\/\/www.meugestors.com\/pt\/wp-json\/wp\/v2\/pages\/7651\/revisions\/7818"}],"up":[{"embeddable":true,"href":"https:\/\/www.meugestors.com\/pt\/wp-json\/wp\/v2\/pages\/6505"}],"wp:attachment":[{"href":"https:\/\/www.meugestors.com\/pt\/wp-json\/wp\/v2\/media?parent=7651"}],"curies":[{"name":"wp","href":"https:\/\/api.w.org\/{rel}","templated":true}]}}